{"id":5288,"date":"2021-08-25T09:00:10","date_gmt":"2021-08-25T09:00:10","guid":{"rendered":"http:\/\/dummy.xtemos.com\/woodmart2\/?page_id=5288"},"modified":"2025-07-23T07:10:41","modified_gmt":"2025-07-23T07:10:41","slug":"iletisim","status":"publish","type":"page","link":"https:\/\/diamondpro.tr\/?page_id=5288","title":{"rendered":"\u0130leti\u015fim"},"content":{"rendered":"<div id=\"wd-2cbd3882\" class=\"wp-block-wd-section\"><\/div><div id=\"wd-bf768557\" class=\"wp-block-wd-google-map wd-map-container google-map-container\" data-map-args=\"{&quot;multiple_markers&quot;:&quot;yes&quot;,&quot;zoom&quot;:15,&quot;init_type&quot;:&quot;page_load&quot;,&quot;init_offset&quot;:100,&quot;json_style&quot;:&quot;[{\\&quot;featureType\\&quot;:\\&quot;landscape.man_made\\&quot;,\\&quot;elementType\\&quot;:\\&quot;all\\&quot;,\\&quot;stylers\\&quot;:[{\\&quot;color\\&quot;:\\&quot;#faf5ed\\&quot;},{\\&quot;lightness\\&quot;:\\&quot;0\\&quot;},{\\&quot;gamma\\&quot;:\\&quot;1\\&quot;}]},{\\&quot;featureType\\&quot;:\\&quot;poi.park\\&quot;,\\&quot;elementType\\&quot;:\\&quot;geometry.fill\\&quot;,\\&quot;stylers\\&quot;:[{\\&quot;color\\&quot;:\\&quot;#bae5a6\\&quot;}]},{\\&quot;featureType\\&quot;:\\&quot;road\\&quot;,\\&quot;elementType\\&quot;:\\&quot;all\\&quot;,\\&quot;stylers\\&quot;:[{\\&quot;weight\\&quot;:\\&quot;1.00\\&quot;},{\\&quot;gamma\\&quot;:\\&quot;1.8\\&quot;},{\\&quot;saturation\\&quot;:\\&quot;0\\&quot;}]},{\\&quot;featureType\\&quot;:\\&quot;road\\&quot;,\\&quot;elementType\\&quot;:\\&quot;geometry.fill\\&quot;,\\&quot;stylers\\&quot;:[{\\&quot;hue\\&quot;:\\&quot;#ffb200\\&quot;}]},{\\&quot;featureType\\&quot;:\\&quot;road.arterial\\&quot;,\\&quot;elementType\\&quot;:\\&quot;geometry.fill\\&quot;,\\&quot;stylers\\&quot;:[{\\&quot;lightness\\&quot;:\\&quot;0\\&quot;},{\\&quot;gamma\\&quot;:\\&quot;1\\&quot;}]},{\\&quot;featureType\\&quot;:\\&quot;transit.station.airport\\&quot;,\\&quot;elementType\\&quot;:\\&quot;all\\&quot;,\\&quot;stylers\\&quot;:[{\\&quot;hue\\&quot;:\\&quot;#b000ff\\&quot;},{\\&quot;saturation\\&quot;:\\&quot;23\\&quot;},{\\&quot;lightness\\&quot;:\\&quot;-4\\&quot;},{\\&quot;gamma\\&quot;:\\&quot;0.80\\&quot;}]},{\\&quot;featureType\\&quot;:\\&quot;water\\&quot;,\\&quot;elementType\\&quot;:\\&quot;all\\&quot;,\\&quot;stylers\\&quot;:[{\\&quot;color\\&quot;:\\&quot;#a0daf2\\&quot;}]}]&quot;,&quot;selector&quot;:&quot;wd-map-id-bf768557-626f-46cd-bdd3-73b15905872e&quot;,&quot;markers&quot;:[{&quot;marker_lat&quot;:&quot;38.014999449089686&quot;,&quot;marker_lon&quot;:&quot;27.127569834414643&quot;,&quot;marker_icon&quot;:&quot;https:\/\/diamondpro.tr\/wp-content\/themes\/woodmart\/inc\/admin\/assets\/images\/google-icon.png&quot;,&quot;marker_icon_size&quot;:[40,40],&quot;marker_title&quot;:&quot;&quot;,&quot;marker_description&quot;:&quot;&quot;}]}\"><div class=\"wd-google-map-wrapper wd-map-wrapper wd-fill\"><div id=\"wd-map-id-bf768557-626f-46cd-bdd3-73b15905872e\" class=\"wd-google-map wd-fill\"><\/div><\/div><div class=\"wd-google-map-content-wrap wd-map-content-wrap\"><div id=\"wd-89341738\" class=\"wp-block-wd-container wd-dir-col wd-dir-col-md wd-dir-col-sm\"><p id=\"wd-d1829076\" class=\"wp-block-wd-paragraph\">D\u00dcKKANIMIZI Z\u0130YARET ED\u0130N<\/p>\n\n<h2 id=\"wd-78e644e2\" class=\"wp-block-wd-title title wd-custom-width\">Merkez mahallesi <\/h2>\n\n<p id=\"wd-07ab3e14\" class=\"wp-block-wd-paragraph wd-custom-width\">Cumhuriyet Caddesi Sun Sokak 33\/13&nbsp;Adres<\/p><\/div><\/div><\/div><div id=\"wd-a3b789a2\" class=\"wp-block-wd-row\"><div id=\"wd-7f72411f\" class=\"wp-block-wd-column\"><p id=\"wd-1b058327\" class=\"wp-block-wd-paragraph\">Hakk\u0131m\u0131zda \u0130lte\u015fim Bilgileri<\/p>\n\n<h2 id=\"wd-338b01a0\" class=\"wp-block-wd-title title wd-align\">\u0130leti\u015fim Adreslerimiz<br><br><img decoding=\"async\" src=\"https:\/\/diamondpro.tr\/wp-content\/uploads\/2021\/07\/wd-cursor-dark.svg\" alt=\"\"><br>Merkez Mahallesi Cumhuriyet Cad. Sun Sokak 33\/13\u00a0Adres<br><br><img decoding=\"async\" src=\"https:\/\/diamondpro.tr\/wp-content\/uploads\/2021\/07\/wd-phone-dark.svg\" alt=\"\"><br>Telefon no : 0539 859 75 05<br><br><img decoding=\"async\" src=\"https:\/\/diamondpro.tr\/wp-content\/uploads\/2021\/07\/wd-envelope-dark.svg\" alt=\"\"><br>E-Posta : rustamovagunay41@gmail.com<\/h2><\/div><\/div><p><\/p>","protected":false},"excerpt":{"rendered":"","protected":false},"author":1,"featured_media":0,"parent":0,"menu_order":0,"comment_status":"closed","ping_status":"closed","template":"","meta":{"footnotes":""},"class_list":["post-5288","page","type-page","status-publish","hentry"],"_links":{"self":[{"href":"https:\/\/diamondpro.tr\/index.php?rest_route=\/wp\/v2\/pages\/5288","targetHints":{"allow":["GET"]}}],"collection":[{"href":"https:\/\/diamondpro.tr\/index.php?rest_route=\/wp\/v2\/pages"}],"about":[{"href":"https:\/\/diamondpro.tr\/index.php?rest_route=\/wp\/v2\/types\/page"}],"author":[{"embeddable":true,"href":"https:\/\/diamondpro.tr\/index.php?rest_route=\/wp\/v2\/users\/1"}],"replies":[{"embeddable":true,"href":"https:\/\/diamondpro.tr\/index.php?rest_route=%2Fwp%2Fv2%2Fcomments&post=5288"}],"version-history":[{"count":4,"href":"https:\/\/diamondpro.tr\/index.php?rest_route=\/wp\/v2\/pages\/5288\/revisions"}],"predecessor-version":[{"id":34355,"href":"https:\/\/diamondpro.tr\/index.php?rest_route=\/wp\/v2\/pages\/5288\/revisions\/34355"}],"wp:attachment":[{"href":"https:\/\/diamondpro.tr\/index.php?rest_route=%2Fwp%2Fv2%2Fmedia&parent=5288"}],"curies":[{"name":"wp","href":"https:\/\/api.w.org\/{rel}","templated":true}]}}