{"id":34197,"date":"2025-05-16T07:20:13","date_gmt":"2025-05-16T07:20:13","guid":{"rendered":"https:\/\/diamondpro.tr\/?post_type=product&#038;p=34197"},"modified":"2025-09-11T16:00:51","modified_gmt":"2025-09-11T16:00:51","slug":"diamond-pro-master-series-tirnak-eti-besleyici-serum-15-ml","status":"publish","type":"product","link":"https:\/\/diamondpro.tr\/?product=diamond-pro-master-series-tirnak-eti-besleyici-serum-15-ml","title":{"rendered":"Diamond Pro Master Series \u2013 T\u0131rnak Eti Besleyici Serum (30 ml)"},"content":{"rendered":"<p>\u00d6zellikler:<\/p>\n<p>T\u0131rnak etlerini besler ve nemlendirir<\/p>\n<p>\u015e\u0131k, renk ge\u00e7i\u015fli tasar\u0131m<\/p>\n<p>D\u00fczenli kullan\u0131mda g\u00f6zle g\u00f6r\u00fcl\u00fcr etki<\/p>\n<p>Manik\u00fcr \u00f6ncesi ve g\u00fcnl\u00fck bak\u0131m i\u00e7in uygundur<\/p>\n<p>Kullan\u0131m\u0131:<br \/>\nTemiz t\u0131rnak \u00e7evresine birka\u00e7 damla damlat\u0131n ve nazik\u00e7e&nbsp;masaj&nbsp;yap\u0131n.<\/p>\n","protected":false},"excerpt":{"rendered":"<p>T\u0131rnak etlerine yo\u011fun nem ve bak\u0131m sa\u011flayan Diamond Pro Master Series, sa\u011fl\u0131kl\u0131 ve bak\u0131ml\u0131 eller i\u00e7in ideal bir \u00fcr\u00fcnd\u00fcr. G\u00fcnl\u00fck kullan\u0131mda p\u00fcr\u00fczs\u00fcz ve yumu\u015fak bir g\u00f6r\u00fcn\u00fcm kazand\u0131r\u0131r.<\/p>\n","protected":false},"featured_media":34314,"comment_status":"open","ping_status":"closed","template":"","meta":[],"product_brand":[],"product_cat":[67],"product_tag":[],"class_list":{"0":"post-34197","1":"product","2":"type-product","3":"status-publish","4":"has-post-thumbnail","6":"product_cat-diamond-pro","8":"first","9":"instock","10":"shipping-taxable","11":"purchasable","12":"product-type-simple"},"_links":{"self":[{"href":"https:\/\/diamondpro.tr\/index.php?rest_route=\/wp\/v2\/product\/34197","targetHints":{"allow":["GET"]}}],"collection":[{"href":"https:\/\/diamondpro.tr\/index.php?rest_route=\/wp\/v2\/product"}],"about":[{"href":"https:\/\/diamondpro.tr\/index.php?rest_route=\/wp\/v2\/types\/product"}],"replies":[{"embeddable":true,"href":"https:\/\/diamondpro.tr\/index.php?rest_route=%2Fwp%2Fv2%2Fcomments&post=34197"}],"wp:featuredmedia":[{"embeddable":true,"href":"https:\/\/diamondpro.tr\/index.php?rest_route=\/wp\/v2\/media\/34314"}],"wp:attachment":[{"href":"https:\/\/diamondpro.tr\/index.php?rest_route=%2Fwp%2Fv2%2Fmedia&parent=34197"}],"wp:term":[{"taxonomy":"product_brand","embeddable":true,"href":"https:\/\/diamondpro.tr\/index.php?rest_route=%2Fwp%2Fv2%2Fproduct_brand&post=34197"},{"taxonomy":"product_cat","embeddable":true,"href":"https:\/\/diamondpro.tr\/index.php?rest_route=%2Fwp%2Fv2%2Fproduct_cat&post=34197"},{"taxonomy":"product_tag","embeddable":true,"href":"https:\/\/diamondpro.tr\/index.php?rest_route=%2Fwp%2Fv2%2Fproduct_tag&post=34197"}],"curies":[{"name":"wp","href":"https:\/\/api.w.org\/{rel}","templated":true}]}}