{"id":34209,"date":"2025-05-16T07:47:17","date_gmt":"2025-05-16T07:47:17","guid":{"rendered":"https:\/\/diamondpro.tr\/?post_type=product&#038;p=34209"},"modified":"2025-07-09T10:07:45","modified_gmt":"2025-07-09T10:07:45","slug":"diamond-pro-master-series-profesyonel-kalite-ile-kusursuz-sonuclar","status":"publish","type":"product","link":"https:\/\/diamondpro.tr\/?product=diamond-pro-master-series-profesyonel-kalite-ile-kusursuz-sonuclar","title":{"rendered":"Diamond Pro Master Series Jeli- Profesyonel Jel"},"content":{"rendered":"<p>\u00d6ne \u00c7\u0131kan \u00d6zellikler:<\/p>\n<p>Premium kalite i\u00e7eriklerle \u00fcretilmi\u015ftir.<\/p>\n<p>\u015e\u0131k ve dayan\u0131kl\u0131 ambalaj tasar\u0131m\u0131.<\/p>\n<p>Profesyonel kullan\u0131m i\u00e7in idealdir.<\/p>\n<p>50ml pratik boyut \u2013 seyahat ve salon kullan\u0131m\u0131 i\u00e7in m\u00fckemmel.<\/p>\n<p>Diamond Pro\u00ae Master Series ile i\u015finizi bir \u00fcst seviyeye ta\u015f\u0131y\u0131n. Kalitenin ve esteti\u011fin bulu\u015fma&nbsp;noktas\u0131!<\/p>\n","protected":false},"excerpt":{"rendered":"<p>Diamond Pro Master Series, profesyonellerin tercihi olan \u00fcst\u00fcn kaliteli bir bak\u0131m ve estetik \u00fcr\u00fcnd\u00fcr. Yenilik\u00e7i form\u00fcl\u00fc ve zarif tasar\u0131m\u0131yla dikkat \u00e7eken bu seri, hassasiyet ve m\u00fckemmelli\u011fi bir araya getirerek kullan\u0131c\u0131lar\u0131na g\u00fcven verir. Her biri 50 ml \u015f\u0131k siyah cam kavanozlarda sunulan \u00fcr\u00fcn, hijyenik kullan\u0131m ve uzun \u00f6m\u00fcrl\u00fc performans sa\u011flar.<\/p>\n","protected":false},"featured_media":34290,"comment_status":"open","ping_status":"closed","template":"","meta":[],"product_brand":[],"product_cat":[67],"product_tag":[],"class_list":{"0":"post-34209","1":"product","2":"type-product","3":"status-publish","4":"has-post-thumbnail","6":"product_cat-diamond-pro","8":"first","9":"instock","10":"shipping-taxable","11":"purchasable","12":"product-type-simple"},"_links":{"self":[{"href":"https:\/\/diamondpro.tr\/index.php?rest_route=\/wp\/v2\/product\/34209","targetHints":{"allow":["GET"]}}],"collection":[{"href":"https:\/\/diamondpro.tr\/index.php?rest_route=\/wp\/v2\/product"}],"about":[{"href":"https:\/\/diamondpro.tr\/index.php?rest_route=\/wp\/v2\/types\/product"}],"replies":[{"embeddable":true,"href":"https:\/\/diamondpro.tr\/index.php?rest_route=%2Fwp%2Fv2%2Fcomments&post=34209"}],"wp:featuredmedia":[{"embeddable":true,"href":"https:\/\/diamondpro.tr\/index.php?rest_route=\/wp\/v2\/media\/34290"}],"wp:attachment":[{"href":"https:\/\/diamondpro.tr\/index.php?rest_route=%2Fwp%2Fv2%2Fmedia&parent=34209"}],"wp:term":[{"taxonomy":"product_brand","embeddable":true,"href":"https:\/\/diamondpro.tr\/index.php?rest_route=%2Fwp%2Fv2%2Fproduct_brand&post=34209"},{"taxonomy":"product_cat","embeddable":true,"href":"https:\/\/diamondpro.tr\/index.php?rest_route=%2Fwp%2Fv2%2Fproduct_cat&post=34209"},{"taxonomy":"product_tag","embeddable":true,"href":"https:\/\/diamondpro.tr\/index.php?rest_route=%2Fwp%2Fv2%2Fproduct_tag&post=34209"}],"curies":[{"name":"wp","href":"https:\/\/api.w.org\/{rel}","templated":true}]}}