{"id":34360,"date":"2025-07-27T14:19:14","date_gmt":"2025-07-27T14:19:14","guid":{"rendered":"https:\/\/diamondpro.tr\/?product=kan-durdurucu"},"modified":"2025-08-05T12:11:18","modified_gmt":"2025-08-05T12:11:18","slug":"kan-durdurucu","status":"publish","type":"product","link":"https:\/\/diamondpro.tr\/?product=kan-durdurucu","title":{"rendered":"Kan Durdurucu"},"content":{"rendered":"<p>Kan durdurucu bu \u00fcr\u00fcn hem enfeksiyonlara kar\u015f\u0131 hem de kan\u0131 an\u0131nda durdurmas\u0131 i\u00e7in tasarlanm\u0131\u015ft\u0131r.<\/p>\n","protected":false},"excerpt":{"rendered":"<p>Kan durdurucu bu \u00fcr\u00fcn hem enfeksiyonlara kar\u015f\u0131 hem de kan\u0131 an\u0131nda durdurmas\u0131 i\u00e7in tasarlanm\u0131\u015ft\u0131r.<\/p>\n","protected":false},"featured_media":34359,"comment_status":"open","ping_status":"closed","template":"","meta":[],"product_brand":[],"product_cat":[67],"product_tag":[],"class_list":{"0":"post-34360","1":"product","2":"type-product","3":"status-publish","4":"has-post-thumbnail","6":"product_cat-diamond-pro","8":"first","9":"instock","10":"shipping-taxable","11":"purchasable","12":"product-type-simple"},"_links":{"self":[{"href":"https:\/\/diamondpro.tr\/index.php?rest_route=\/wp\/v2\/product\/34360","targetHints":{"allow":["GET"]}}],"collection":[{"href":"https:\/\/diamondpro.tr\/index.php?rest_route=\/wp\/v2\/product"}],"about":[{"href":"https:\/\/diamondpro.tr\/index.php?rest_route=\/wp\/v2\/types\/product"}],"replies":[{"embeddable":true,"href":"https:\/\/diamondpro.tr\/index.php?rest_route=%2Fwp%2Fv2%2Fcomments&post=34360"}],"wp:featuredmedia":[{"embeddable":true,"href":"https:\/\/diamondpro.tr\/index.php?rest_route=\/wp\/v2\/media\/34359"}],"wp:attachment":[{"href":"https:\/\/diamondpro.tr\/index.php?rest_route=%2Fwp%2Fv2%2Fmedia&parent=34360"}],"wp:term":[{"taxonomy":"product_brand","embeddable":true,"href":"https:\/\/diamondpro.tr\/index.php?rest_route=%2Fwp%2Fv2%2Fproduct_brand&post=34360"},{"taxonomy":"product_cat","embeddable":true,"href":"https:\/\/diamondpro.tr\/index.php?rest_route=%2Fwp%2Fv2%2Fproduct_cat&post=34360"},{"taxonomy":"product_tag","embeddable":true,"href":"https:\/\/diamondpro.tr\/index.php?rest_route=%2Fwp%2Fv2%2Fproduct_tag&post=34360"}],"curies":[{"name":"wp","href":"https:\/\/api.w.org\/{rel}","templated":true}]}}