{"id":53,"date":"2017-06-14T09:00:42","date_gmt":"2017-06-14T09:00:42","guid":{"rendered":"http:\/\/dummy.xtemos.com\/woodmart\/?post_type=product&#038;p=53"},"modified":"2025-07-26T21:10:48","modified_gmt":"2025-07-26T21:10:48","slug":"augue-adipiscing-euismod","status":"publish","type":"product","link":"https:\/\/diamondpro.tr\/?product=augue-adipiscing-euismod","title":{"rendered":"Diamond Pro Master Series \u2013 56ml"},"content":{"rendered":"<p>\u00d6zellikleri :<\/p>\n<p>\u00d6r\u00fcmcek A\u011f\u0131 Efekti: ince ve esnek yapisiyla \u00f6r\u00fcmcek agi gibi detayli \u00e7izimler yapilabilir.<\/p>\n<p>\ufeff\ufeffYogun Pigmentasyon: Beyaz tonuyla derin ve \u00e7arpici bir g\u00f6r\u00fcn\u00fcm sunar.<\/p>\n<p>\ufeff\ufeffKalici Form\u00fcl: Uzun s\u00fcre dayanikliligini korur, solma yapmaz.<\/p>\n<p>\ufeff\ufeffHizli Kuruma: UV\/LED altinda kisa s\u00fcrede sertlesir, zaman kazandirir.<\/p>\n<p>\ufeff\ufeffP\u00fcr\u00fczs\u00fcz Y\u00fczey: Tasarim sonrasi d\u00fczg\u00fcn ve parlak bir bitis saglar.<\/p>\n","protected":false},"excerpt":{"rendered":"<p>Diamond Pro Master Series Jel, tirnak tasariminda \u00f6zel efektler yaratmak isteyenler i\u00e7in gelistirilmis bir jel t\u00fcr\u00fcd\u00fcr. Ozellikle \u00f6r\u00fcmcek agi efekti gibi detayli \u00e7alismalar i\u00e7in tercih edilir.<\/p>\n","protected":false},"featured_media":34313,"comment_status":"open","ping_status":"closed","template":"","meta":[],"product_brand":[56],"product_cat":[67],"product_tag":[],"class_list":{"0":"post-53","1":"product","2":"type-product","3":"status-publish","4":"has-post-thumbnail","6":"product_brand-magisso","7":"product_cat-diamond-pro","9":"first","10":"instock","11":"shipping-taxable","12":"purchasable","13":"product-type-simple"},"_links":{"self":[{"href":"https:\/\/diamondpro.tr\/index.php?rest_route=\/wp\/v2\/product\/53","targetHints":{"allow":["GET"]}}],"collection":[{"href":"https:\/\/diamondpro.tr\/index.php?rest_route=\/wp\/v2\/product"}],"about":[{"href":"https:\/\/diamondpro.tr\/index.php?rest_route=\/wp\/v2\/types\/product"}],"replies":[{"embeddable":true,"href":"https:\/\/diamondpro.tr\/index.php?rest_route=%2Fwp%2Fv2%2Fcomments&post=53"}],"wp:featuredmedia":[{"embeddable":true,"href":"https:\/\/diamondpro.tr\/index.php?rest_route=\/wp\/v2\/media\/34313"}],"wp:attachment":[{"href":"https:\/\/diamondpro.tr\/index.php?rest_route=%2Fwp%2Fv2%2Fmedia&parent=53"}],"wp:term":[{"taxonomy":"product_brand","embeddable":true,"href":"https:\/\/diamondpro.tr\/index.php?rest_route=%2Fwp%2Fv2%2Fproduct_brand&post=53"},{"taxonomy":"product_cat","embeddable":true,"href":"https:\/\/diamondpro.tr\/index.php?rest_route=%2Fwp%2Fv2%2Fproduct_cat&post=53"},{"taxonomy":"product_tag","embeddable":true,"href":"https:\/\/diamondpro.tr\/index.php?rest_route=%2Fwp%2Fv2%2Fproduct_tag&post=53"}],"curies":[{"name":"wp","href":"https:\/\/api.w.org\/{rel}","templated":true}]}}